{"id":101,"date":"2016-03-15T12:58:01","date_gmt":"2016-03-15T12:58:01","guid":{"rendered":"http:\/\/nordsjaelland.danmarksveteraner.dk\/wordpress\/?page_id=101"},"modified":"2021-09-21T11:40:02","modified_gmt":"2021-09-21T09:40:02","slug":"lokaler","status":"publish","type":"page","link":"https:\/\/nordsjaelland.danmarksveteraner.dk\/wordpress\/?page_id=101","title":{"rendered":"Lokaler"},"content":{"rendered":"<div class=\"ezcol ezcol-one-half\">\n<p><img loading=\"lazy\" decoding=\"async\" class=\"wp-image-105\" src=\"http:\/\/nordsjaelland.danmarksveteraner.dk\/wordpress\/wp-content\/uploads\/2016\/03\/Indgang-bygn-65640x480.jpg\" alt=\"\" width=\"306\" height=\"230\" srcset=\"https:\/\/nordsjaelland.danmarksveteraner.dk\/wordpress\/wp-content\/uploads\/2016\/03\/Indgang-bygn-65640x480.jpg 640w, https:\/\/nordsjaelland.danmarksveteraner.dk\/wordpress\/wp-content\/uploads\/2016\/03\/Indgang-bygn-65640x480-300x225.jpg 300w\" sizes=\"auto, (max-width: 306px) 100vw, 306px\" \/><\/div> <div class=\"ezcol ezcol-one-half ezcol-last\"><img loading=\"lazy\" decoding=\"async\" class=\"wp-image-108\" src=\"http:\/\/nordsjaelland.danmarksveteraner.dk\/wordpress\/wp-content\/uploads\/2016\/03\/Lokale-3640x480.jpg\" alt=\"\" width=\"308\" height=\"231\" srcset=\"https:\/\/nordsjaelland.danmarksveteraner.dk\/wordpress\/wp-content\/uploads\/2016\/03\/Lokale-3640x480.jpg 640w, https:\/\/nordsjaelland.danmarksveteraner.dk\/wordpress\/wp-content\/uploads\/2016\/03\/Lokale-3640x480-300x225.jpg 300w\" sizes=\"auto, (max-width: 308px) 100vw, 308px\" \/><\/div><div class=\"ezcol-divider\"><\/div><div class=\"ezcol ezcol-one-half\"><img loading=\"lazy\" decoding=\"async\" class=\"wp-image-106\" src=\"http:\/\/nordsjaelland.danmarksveteraner.dk\/wordpress\/wp-content\/uploads\/2016\/03\/Lokale-1640x480.jpg\" alt=\"\" width=\"308\" height=\"231\" srcset=\"https:\/\/nordsjaelland.danmarksveteraner.dk\/wordpress\/wp-content\/uploads\/2016\/03\/Lokale-1640x480.jpg 640w, https:\/\/nordsjaelland.danmarksveteraner.dk\/wordpress\/wp-content\/uploads\/2016\/03\/Lokale-1640x480-300x225.jpg 300w\" sizes=\"auto, (max-width: 308px) 100vw, 308px\" \/><\/div> <div class=\"ezcol ezcol-one-half ezcol-last\"><img loading=\"lazy\" decoding=\"async\" class=\"wp-image-107\" src=\"http:\/\/nordsjaelland.danmarksveteraner.dk\/wordpress\/wp-content\/uploads\/2016\/03\/Lokale-2640x480.jpg\" alt=\"\" width=\"308\" height=\"231\" srcset=\"https:\/\/nordsjaelland.danmarksveteraner.dk\/wordpress\/wp-content\/uploads\/2016\/03\/Lokale-2640x480.jpg 640w, https:\/\/nordsjaelland.danmarksveteraner.dk\/wordpress\/wp-content\/uploads\/2016\/03\/Lokale-2640x480-300x225.jpg 300w\" sizes=\"auto, (max-width: 308px) 100vw, 308px\" \/><\/div><div class=\"ezcol-divider\"><\/div><\/p>\n<p>Lokalforeningen har\u00a0lokaler i J\u00e6gersprislejrens bygning 65.<\/p>\n<p>For alle som har v\u00e6ret til tr\u00e6ning i den gamle baraklejr,\u00a0s\u00e5 er bygningen\u00a0den gamle kostforplejning, som vi deler med hjemmev\u00e6rnet.<\/p>\n<p>Vi har indgang i gavlen ved badebygningen og der er masser af parkeringsplads.<\/p>\n<p>Vi har indrettet og udsmykket nogle dejlige lokaler, som vi kan bruge til mange forskellige form\u00e5l, f.eks. veteranaftener, Sankt Hans\u00a0og fester. Udenfor har vi anlagt en\u00a0petanquebane, som bruges fra maj til oktober.<\/p>\n<p><div class=\"ezcol ezcol-one-third\"><img loading=\"lazy\" decoding=\"async\" class=\"wp-image-134 alignleft\" src=\"http:\/\/nordsjaelland.danmarksveteraner.dk\/wordpress\/wp-content\/uploads\/2016\/02\/03-Johnny-i-kamp.jpg\" alt=\"03 Johnny i kamp\" width=\"187\" height=\"140\" srcset=\"https:\/\/nordsjaelland.danmarksveteraner.dk\/wordpress\/wp-content\/uploads\/2016\/02\/03-Johnny-i-kamp.jpg 1080w, https:\/\/nordsjaelland.danmarksveteraner.dk\/wordpress\/wp-content\/uploads\/2016\/02\/03-Johnny-i-kamp-300x225.jpg 300w, https:\/\/nordsjaelland.danmarksveteraner.dk\/wordpress\/wp-content\/uploads\/2016\/02\/03-Johnny-i-kamp-768x576.jpg 768w, https:\/\/nordsjaelland.danmarksveteraner.dk\/wordpress\/wp-content\/uploads\/2016\/02\/03-Johnny-i-kamp-1024x768.jpg 1024w\" sizes=\"auto, (max-width: 187px) 100vw, 187px\" \/><\/div> <div class=\"ezcol ezcol-one-third\">\n<\/div> <div class=\"ezcol ezcol-one-third ezcol-last\">\n<\/div><div class=\"ezcol-divider\"><\/div><\/p>\n<p style=\"text-align: center;\">\n","protected":false},"excerpt":{"rendered":"<p>Lokalforeningen har\u00a0lokaler i J\u00e6gersprislejrens bygning 65. For alle som har v\u00e6ret til tr\u00e6ning i den gamle baraklejr,\u00a0s\u00e5 er bygningen\u00a0den gamle<\/p>\n","protected":false},"author":1,"featured_media":0,"parent":34,"menu_order":5,"comment_status":"closed","ping_status":"closed","template":"","meta":{"colormag_page_container_layout":"default_layout","colormag_page_sidebar_layout":"default_layout","footnotes":""},"class_list":["post-101","page","type-page","status-publish","hentry"],"_links":{"self":[{"href":"https:\/\/nordsjaelland.danmarksveteraner.dk\/wordpress\/index.php?rest_route=\/wp\/v2\/pages\/101","targetHints":{"allow":["GET"]}}],"collection":[{"href":"https:\/\/nordsjaelland.danmarksveteraner.dk\/wordpress\/index.php?rest_route=\/wp\/v2\/pages"}],"about":[{"href":"https:\/\/nordsjaelland.danmarksveteraner.dk\/wordpress\/index.php?rest_route=\/wp\/v2\/types\/page"}],"author":[{"embeddable":true,"href":"https:\/\/nordsjaelland.danmarksveteraner.dk\/wordpress\/index.php?rest_route=\/wp\/v2\/users\/1"}],"replies":[{"embeddable":true,"href":"https:\/\/nordsjaelland.danmarksveteraner.dk\/wordpress\/index.php?rest_route=%2Fwp%2Fv2%2Fcomments&post=101"}],"version-history":[{"count":16,"href":"https:\/\/nordsjaelland.danmarksveteraner.dk\/wordpress\/index.php?rest_route=\/wp\/v2\/pages\/101\/revisions"}],"predecessor-version":[{"id":3662,"href":"https:\/\/nordsjaelland.danmarksveteraner.dk\/wordpress\/index.php?rest_route=\/wp\/v2\/pages\/101\/revisions\/3662"}],"up":[{"embeddable":true,"href":"https:\/\/nordsjaelland.danmarksveteraner.dk\/wordpress\/index.php?rest_route=\/wp\/v2\/pages\/34"}],"wp:attachment":[{"href":"https:\/\/nordsjaelland.danmarksveteraner.dk\/wordpress\/index.php?rest_route=%2Fwp%2Fv2%2Fmedia&parent=101"}],"curies":[{"name":"wp","href":"https:\/\/api.w.org\/{rel}","templated":true}]}}