{"id":1191,"date":"2016-09-19T11:39:33","date_gmt":"2016-09-19T10:39:33","guid":{"rendered":"http:\/\/nordsjaelland.danmarksveteraner.dk\/wordpress\/?page_id=1191"},"modified":"2023-04-30T10:19:03","modified_gmt":"2023-04-30T08:19:03","slug":"haeder","status":"publish","type":"page","link":"https:\/\/nordsjaelland.danmarksveteraner.dk\/wordpress\/?page_id=1191","title":{"rendered":"Fortjenstmedaljer 2016"},"content":{"rendered":"<p>6 medlemmer af lokalforeningen har i 2016 modtaget Danmarks Veteraners Fortjenstmedalje i S\u00f8lv og Bronze for deres store indsats gennem mange \u00e5r:<\/p>\n<p><a href=\"http:\/\/nordsjaelland.danmarksveteraner.dk\/wordpress\/wp-content\/uploads\/2016\/09\/DBB-s\u00f8lv.png\"><img loading=\"lazy\" decoding=\"async\" class=\"wp-image-1193 alignleft\" src=\"http:\/\/nordsjaelland.danmarksveteraner.dk\/wordpress\/wp-content\/uploads\/2016\/09\/DBB-s\u00f8lv.png\" alt=\"dbb-soelv\" width=\"47\" height=\"71\" srcset=\"https:\/\/nordsjaelland.danmarksveteraner.dk\/wordpress\/wp-content\/uploads\/2016\/09\/DBB-s\u00f8lv.png 628w, https:\/\/nordsjaelland.danmarksveteraner.dk\/wordpress\/wp-content\/uploads\/2016\/09\/DBB-s\u00f8lv-200x300.png 200w\" sizes=\"auto, (max-width: 47px) 100vw, 47px\" \/><\/a>S\u00f8lv: Niels Erik Andersen, Cypern 23, Leif Jacobsen, Gaza 06, 07,<br \/>\nSimon Philipsen, Gaza 12 og Niels Erik S\u00f8rensen, Cypern 19, 20, 21.<\/p>\n<p>&nbsp;<\/p>\n<p><a href=\"http:\/\/nordsjaelland.danmarksveteraner.dk\/wordpress\/wp-content\/uploads\/2016\/09\/DBB-bronze.png\"><img loading=\"lazy\" decoding=\"async\" class=\"wp-image-1192 alignleft\" src=\"http:\/\/nordsjaelland.danmarksveteraner.dk\/wordpress\/wp-content\/uploads\/2016\/09\/DBB-bronze.png\" alt=\"dbb-bronze\" width=\"48\" height=\"72\" srcset=\"https:\/\/nordsjaelland.danmarksveteraner.dk\/wordpress\/wp-content\/uploads\/2016\/09\/DBB-bronze.png 609w, https:\/\/nordsjaelland.danmarksveteraner.dk\/wordpress\/wp-content\/uploads\/2016\/09\/DBB-bronze-200x300.png 200w\" sizes=\"auto, (max-width: 48px) 100vw, 48px\" \/><\/a>Bronze: Bent Strand, Cypern 02 og Ib Jensen, Gaza 08.<\/p>\n<p>&nbsp;<\/p>\n<p style=\"text-align: center;\">Et stort tillykke med de velfortjente medaljer.<\/p>\n<p style=\"text-align: center;\"><a href=\"http:\/\/nordsjaelland.danmarksveteraner.dk\/wordpress\/wp-content\/uploads\/2016\/09\/DSC_0380.jpg\"><img loading=\"lazy\" decoding=\"async\" class=\"aligncenter wp-image-1194\" src=\"http:\/\/nordsjaelland.danmarksveteraner.dk\/wordpress\/wp-content\/uploads\/2016\/09\/DSC_0380.jpg\" alt=\"dsc_0380\" width=\"373\" height=\"249\" srcset=\"https:\/\/nordsjaelland.danmarksveteraner.dk\/wordpress\/wp-content\/uploads\/2016\/09\/DSC_0380.jpg 2666w, https:\/\/nordsjaelland.danmarksveteraner.dk\/wordpress\/wp-content\/uploads\/2016\/09\/DSC_0380-300x201.jpg 300w, https:\/\/nordsjaelland.danmarksveteraner.dk\/wordpress\/wp-content\/uploads\/2016\/09\/DSC_0380-768x513.jpg 768w, https:\/\/nordsjaelland.danmarksveteraner.dk\/wordpress\/wp-content\/uploads\/2016\/09\/DSC_0380-1024x684.jpg 1024w\" sizes=\"auto, (max-width: 373px) 100vw, 373px\" \/><\/a>P\u00e5 gruppebilledet er Niels Erik S\u00f8rensen desv\u00e6rre ikke med.<\/p>\n","protected":false},"excerpt":{"rendered":"<p>6 medlemmer af lokalforeningen har i 2016 modtaget Danmarks Veteraners Fortjenstmedalje i S\u00f8lv og Bronze for deres store indsats gennem<\/p>\n","protected":false},"author":1,"featured_media":0,"parent":1201,"menu_order":1,"comment_status":"closed","ping_status":"closed","template":"","meta":{"colormag_page_container_layout":"default_layout","colormag_page_sidebar_layout":"default_layout","footnotes":""},"class_list":["post-1191","page","type-page","status-publish","hentry"],"_links":{"self":[{"href":"https:\/\/nordsjaelland.danmarksveteraner.dk\/wordpress\/index.php?rest_route=\/wp\/v2\/pages\/1191","targetHints":{"allow":["GET"]}}],"collection":[{"href":"https:\/\/nordsjaelland.danmarksveteraner.dk\/wordpress\/index.php?rest_route=\/wp\/v2\/pages"}],"about":[{"href":"https:\/\/nordsjaelland.danmarksveteraner.dk\/wordpress\/index.php?rest_route=\/wp\/v2\/types\/page"}],"author":[{"embeddable":true,"href":"https:\/\/nordsjaelland.danmarksveteraner.dk\/wordpress\/index.php?rest_route=\/wp\/v2\/users\/1"}],"replies":[{"embeddable":true,"href":"https:\/\/nordsjaelland.danmarksveteraner.dk\/wordpress\/index.php?rest_route=%2Fwp%2Fv2%2Fcomments&post=1191"}],"version-history":[{"count":8,"href":"https:\/\/nordsjaelland.danmarksveteraner.dk\/wordpress\/index.php?rest_route=\/wp\/v2\/pages\/1191\/revisions"}],"predecessor-version":[{"id":4550,"href":"https:\/\/nordsjaelland.danmarksveteraner.dk\/wordpress\/index.php?rest_route=\/wp\/v2\/pages\/1191\/revisions\/4550"}],"up":[{"embeddable":true,"href":"https:\/\/nordsjaelland.danmarksveteraner.dk\/wordpress\/index.php?rest_route=\/wp\/v2\/pages\/1201"}],"wp:attachment":[{"href":"https:\/\/nordsjaelland.danmarksveteraner.dk\/wordpress\/index.php?rest_route=%2Fwp%2Fv2%2Fmedia&parent=1191"}],"curies":[{"name":"wp","href":"https:\/\/api.w.org\/{rel}","templated":true}]}}