{"id":1201,"date":"2016-09-19T12:25:46","date_gmt":"2016-09-19T11:25:46","guid":{"rendered":"http:\/\/nordsjaelland.danmarksveteraner.dk\/wordpress\/?page_id=1201"},"modified":"2016-09-19T12:57:47","modified_gmt":"2016-09-19T11:57:47","slug":"haeder","status":"publish","type":"page","link":"https:\/\/nordsjaelland.danmarksveteraner.dk\/wordpress\/?page_id=1201","title":{"rendered":"H\u00e6der"},"content":{"rendered":"<p>Her vil vi h\u00e6dre de medlemmer, som har gjort en s\u00e6rlig indsats for deres lokalforening og som derfor bliver tildelt et fortjenst- eller h\u00e6derstegn.<\/p>\n<p style=\"text-align: center;\"><div class=\"ezcol ezcol-one-half\"><a href=\"http:\/\/nordsjaelland.danmarksveteraner.dk\/wordpress\/wp-content\/uploads\/2016\/09\/DBB-bronze.png\"><img loading=\"lazy\" decoding=\"async\" class=\"aligncenter wp-image-1192\" src=\"http:\/\/nordsjaelland.danmarksveteraner.dk\/wordpress\/wp-content\/uploads\/2016\/09\/DBB-bronze.png\" alt=\"dbb-bronze\" width=\"133\" height=\"200\" srcset=\"https:\/\/nordsjaelland.danmarksveteraner.dk\/wordpress\/wp-content\/uploads\/2016\/09\/DBB-bronze.png 609w, https:\/\/nordsjaelland.danmarksveteraner.dk\/wordpress\/wp-content\/uploads\/2016\/09\/DBB-bronze-200x300.png 200w\" sizes=\"auto, (max-width: 133px) 100vw, 133px\" \/><\/a><\/div> <div class=\"ezcol ezcol-one-half ezcol-last\"><a href=\"http:\/\/nordsjaelland.danmarksveteraner.dk\/wordpress\/wp-content\/uploads\/2016\/09\/The-Board-of-the-Nordic-Blue-Berets-bronze.png\"><img loading=\"lazy\" decoding=\"async\" class=\"aligncenter wp-image-1208\" src=\"http:\/\/nordsjaelland.danmarksveteraner.dk\/wordpress\/wp-content\/uploads\/2016\/09\/The-Board-of-the-Nordic-Blue-Berets-bronze.png\" alt=\"the-board-of-the-nordic-blue-berets-bronze\" width=\"106\" height=\"203\" srcset=\"https:\/\/nordsjaelland.danmarksveteraner.dk\/wordpress\/wp-content\/uploads\/2016\/09\/The-Board-of-the-Nordic-Blue-Berets-bronze.png 441w, https:\/\/nordsjaelland.danmarksveteraner.dk\/wordpress\/wp-content\/uploads\/2016\/09\/The-Board-of-the-Nordic-Blue-Berets-bronze-157x300.png 157w\" sizes=\"auto, (max-width: 106px) 100vw, 106px\" \/><\/a><\/div><div class=\"ezcol-divider\"><\/div><\/p>\n<p style=\"text-align: center;\">Danmarks Veteraners Fortjenstmedalje\u00a0\u00a0\u00a0\u00a0\u00a0\u00a0\u00a0\u00a0\u00a0 &#8211;\u00a0\u00a0\u00a0\u00a0\u00a0\u00a0\u00a0\u00a0\u00a0 Board of Nordic Blue Berets medal of honour<br \/>\nTildeles i bronze, s\u00f8lv og guld<\/p>\n<p style=\"text-align: center;\">\n","protected":false},"excerpt":{"rendered":"<p>Her vil vi h\u00e6dre de medlemmer, som har gjort en s\u00e6rlig indsats for deres lokalforening og som derfor bliver tildelt<\/p>\n","protected":false},"author":1,"featured_media":0,"parent":0,"menu_order":5,"comment_status":"closed","ping_status":"closed","template":"","meta":{"colormag_page_container_layout":"default_layout","colormag_page_sidebar_layout":"default_layout","footnotes":""},"class_list":["post-1201","page","type-page","status-publish","hentry"],"_links":{"self":[{"href":"https:\/\/nordsjaelland.danmarksveteraner.dk\/wordpress\/index.php?rest_route=\/wp\/v2\/pages\/1201","targetHints":{"allow":["GET"]}}],"collection":[{"href":"https:\/\/nordsjaelland.danmarksveteraner.dk\/wordpress\/index.php?rest_route=\/wp\/v2\/pages"}],"about":[{"href":"https:\/\/nordsjaelland.danmarksveteraner.dk\/wordpress\/index.php?rest_route=\/wp\/v2\/types\/page"}],"author":[{"embeddable":true,"href":"https:\/\/nordsjaelland.danmarksveteraner.dk\/wordpress\/index.php?rest_route=\/wp\/v2\/users\/1"}],"replies":[{"embeddable":true,"href":"https:\/\/nordsjaelland.danmarksveteraner.dk\/wordpress\/index.php?rest_route=%2Fwp%2Fv2%2Fcomments&post=1201"}],"version-history":[{"count":9,"href":"https:\/\/nordsjaelland.danmarksveteraner.dk\/wordpress\/index.php?rest_route=\/wp\/v2\/pages\/1201\/revisions"}],"predecessor-version":[{"id":3682,"href":"https:\/\/nordsjaelland.danmarksveteraner.dk\/wordpress\/index.php?rest_route=\/wp\/v2\/pages\/1201\/revisions\/3682"}],"wp:attachment":[{"href":"https:\/\/nordsjaelland.danmarksveteraner.dk\/wordpress\/index.php?rest_route=%2Fwp%2Fv2%2Fmedia&parent=1201"}],"curies":[{"name":"wp","href":"https:\/\/api.w.org\/{rel}","templated":true}]}}