{"id":157,"date":"2016-03-15T16:17:32","date_gmt":"2016-03-15T16:17:32","guid":{"rendered":"http:\/\/nordsjaelland.danmarksveteraner.dk\/wordpress\/?page_id=157"},"modified":"2026-01-06T08:28:38","modified_gmt":"2026-01-06T07:28:38","slug":"medlemmer","status":"publish","type":"page","link":"https:\/\/nordsjaelland.danmarksveteraner.dk\/wordpress\/?page_id=157","title":{"rendered":"Medlemmer"},"content":{"rendered":"<p>Her finder du bl.a. indmeldelsesblanket, medlemslister og tjenestestedslister<\/p>\n<p><strong><span style=\"color: #3366ff;\">Optagelsesbetingelser.<\/span><\/strong><\/p>\n<p>Du skal have v\u00e6ret udsendt i international tjeneste under FN, NATO, EU og OSCE og du skal have modtaget den, for missionen tildelte medalje og veterankortet.<\/p>\n<p><strong><span style=\"color: #3366ff;\">Indmeldelsblanket<\/span><\/strong><br \/>\nHvis du \u00f8nsker at blive medlem af Danmarks Veteraner, lokalforening Nordsj\u00e6lland, s\u00e5 bliver du det nemt, ved at udfylde det skema som kommer i en ny fane, n\u00e5r du trykker <a href=\"https:\/\/danmarksveteraner.dk\/bliv-medlem\/\"><strong><span style=\"color: #3366ff;\">HER<\/span><\/strong><\/a>. Du vil snarest modtage et velkomstbrev og et girokort fra kartoteksf\u00f8reren.<\/p>\n<p>\u00c5rskontingentet udg\u00f8r pt. kr. 400.- og f\u00f8lger kalender\u00e5ret.<\/p>\n<p>For dette bel\u00f8b f\u00e5r du, ud over medlemskab af en aktiv lokalforening, Danmarks Veteraners medlemsblad ,6\u00a0 gange om \u00e5ret og du kan deltage i alle lokalforeningers aktiviteter over hele landet.<\/p>\n","protected":false},"excerpt":{"rendered":"<p>Her finder du bl.a. indmeldelsesblanket, medlemslister og tjenestestedslister Optagelsesbetingelser. Du skal have v\u00e6ret udsendt i international tjeneste under FN, NATO,<\/p>\n","protected":false},"author":1,"featured_media":0,"parent":0,"menu_order":4,"comment_status":"closed","ping_status":"closed","template":"","meta":{"colormag_page_container_layout":"default_layout","colormag_page_sidebar_layout":"default_layout","footnotes":""},"class_list":["post-157","page","type-page","status-publish","hentry"],"_links":{"self":[{"href":"https:\/\/nordsjaelland.danmarksveteraner.dk\/wordpress\/index.php?rest_route=\/wp\/v2\/pages\/157","targetHints":{"allow":["GET"]}}],"collection":[{"href":"https:\/\/nordsjaelland.danmarksveteraner.dk\/wordpress\/index.php?rest_route=\/wp\/v2\/pages"}],"about":[{"href":"https:\/\/nordsjaelland.danmarksveteraner.dk\/wordpress\/index.php?rest_route=\/wp\/v2\/types\/page"}],"author":[{"embeddable":true,"href":"https:\/\/nordsjaelland.danmarksveteraner.dk\/wordpress\/index.php?rest_route=\/wp\/v2\/users\/1"}],"replies":[{"embeddable":true,"href":"https:\/\/nordsjaelland.danmarksveteraner.dk\/wordpress\/index.php?rest_route=%2Fwp%2Fv2%2Fcomments&post=157"}],"version-history":[{"count":20,"href":"https:\/\/nordsjaelland.danmarksveteraner.dk\/wordpress\/index.php?rest_route=\/wp\/v2\/pages\/157\/revisions"}],"predecessor-version":[{"id":5671,"href":"https:\/\/nordsjaelland.danmarksveteraner.dk\/wordpress\/index.php?rest_route=\/wp\/v2\/pages\/157\/revisions\/5671"}],"wp:attachment":[{"href":"https:\/\/nordsjaelland.danmarksveteraner.dk\/wordpress\/index.php?rest_route=%2Fwp%2Fv2%2Fmedia&parent=157"}],"curies":[{"name":"wp","href":"https:\/\/api.w.org\/{rel}","templated":true}]}}