{"id":171,"date":"2016-03-15T16:37:42","date_gmt":"2016-03-15T15:37:42","guid":{"rendered":"http:\/\/nordsjaelland.danmarksveteraner.dk\/wordpress\/?page_id=171"},"modified":"2025-07-22T11:45:54","modified_gmt":"2025-07-22T09:45:54","slug":"jubilarer-2016","status":"publish","type":"page","link":"https:\/\/nordsjaelland.danmarksveteraner.dk\/wordpress\/?page_id=171","title":{"rendered":"Jubilarer 2025-2026"},"content":{"rendered":"<p><strong>S\u00e5 skete det! At lokalforeningen kan fejre 50 \u00e5rs medlems jubilarer.<\/strong><\/p>\n\n<table id=\"tablepress-50\" class=\"tablepress tablepress-id-50\">\n<thead>\n<tr class=\"row-1\">\n\t<th class=\"column-1\">Jubilarer 2025 \u2764\u2764\u2764\u2764<\/th><td class=\"column-2\"><\/td><td class=\"column-3\"><\/td><td class=\"column-4\"><\/td><td class=\"column-5\"><\/td>\n<\/tr>\n<\/thead>\n<tbody class=\"row-striping row-hover\">\n<tr class=\"row-2\">\n\t<td class=\"column-1\">50 \u00e5r \u2764\u2764<\/td><td class=\"column-2\">2025<\/td><td class=\"column-3\">Henning <\/td><td class=\"column-4\">Bager<\/td><td class=\"column-5\">Cypern 05<\/td>\n<\/tr>\n<tr class=\"row-3\">\n\t<td class=\"column-1\"><\/td><td class=\"column-2\">299<\/td><td class=\"column-3\">Niels-Aage<\/td><td class=\"column-4\">Nielsen<\/td><td class=\"column-5\">Cypern 17.18.19.20.21.22.23<\/td>\n<\/tr>\n<tr class=\"row-4\">\n\t<td class=\"column-1\"><\/td><td class=\"column-2\">270<\/td><td class=\"column-3\">Bjarne<\/td><td class=\"column-4\">Larsen<\/td><td class=\"column-5\">Cypern 07.08.09..10<\/td>\n<\/tr>\n<tr class=\"row-5\">\n\t<td class=\"column-1\"><\/td><td class=\"column-2\">245<\/td><td class=\"column-3\">Niels<\/td><td class=\"column-4\">Born<\/td><td class=\"column-5\">Gaza 12.13<\/td>\n<\/tr>\n<tr class=\"row-6\">\n\t<td class=\"column-1\">40 \u00e5r \u2764\u2764<\/td><td class=\"column-2\">238<\/td><td class=\"column-3\">S\u00f8ren<\/td><td class=\"column-4\">Eberholst<\/td><td class=\"column-5\">Cypern 4<\/td>\n<\/tr>\n<tr class=\"row-7\">\n\t<td class=\"column-1\">25 \u00e5r \u2764\u2764<\/td><td class=\"column-2\">6331<\/td><td class=\"column-3\">Sandy Bo<\/td><td class=\"column-4\">Espersen<\/td><td class=\"column-5\">Bosnien 02.05<\/td>\n<\/tr>\n<tr class=\"row-8\">\n\t<td class=\"column-1\">20 \u00e5r \u2764\u2764<\/td><td class=\"column-2\">7485<\/td><td class=\"column-3\">Jesper<\/td><td class=\"column-4\">Hovgaard<\/td><td class=\"column-5\">ISAF 04.SFOR 04.KFOR 08<\/td>\n<\/tr>\n<tr class=\"row-9\">\n\t<td class=\"column-1\"><\/td><td class=\"column-2\">7412<\/td><td class=\"column-3\">Richard<\/td><td class=\"column-4\">Buxbom<\/td><td class=\"column-5\">Cypern 03<\/td>\n<\/tr>\n<tr class=\"row-10\">\n\t<td class=\"column-1\"><\/td><td class=\"column-2\">7372<\/td><td class=\"column-3\">KLaus<\/td><td class=\"column-4\">Lundin<\/td><td class=\"column-5\">Cypern 02.03.39.40<\/td>\n<\/tr>\n<tr class=\"row-11\">\n\t<td class=\"column-1\"><\/td><td class=\"column-2\">7371<\/td><td class=\"column-3\">Jens Heide<\/td><td class=\"column-4\">Vestenb\u00e6k<\/td><td class=\"column-5\">Cypern 43 UNGCI 1996<\/td>\n<\/tr>\n<tr class=\"row-12\">\n\t<td class=\"column-1\">10 \u00e5r \u2764\u2764<\/td><td class=\"column-2\">10387<\/td><td class=\"column-3\">Johnnie<\/td><td class=\"column-4\">Korsholm<\/td><td class=\"column-5\">SFOR 05.KFOR 03<\/td>\n<\/tr>\n<tr class=\"row-13\">\n\t<td class=\"column-1\"><\/td><td class=\"column-2\">10376<\/td><td class=\"column-3\">Bjarne H\u00f8jgaard<\/td><td class=\"column-4\">Jensen<\/td><td class=\"column-5\">ISAF 06.15<\/td>\n<\/tr>\n<tr class=\"row-14\">\n\t<td class=\"column-1\"><\/td><td class=\"column-2\">10262<\/td><td class=\"column-3\">Bent<\/td><td class=\"column-4\">Behrmann<\/td><td class=\"column-5\">Cypern 21.22<\/td>\n<\/tr>\n<tr class=\"row-15\">\n\t<td class=\"column-1\"><\/td><td class=\"column-2\">10252<\/td><td class=\"column-3\">Lennart<\/td><td class=\"column-4\">B\u00e4rholdt<\/td><td class=\"column-5\">Kroatien 06 IFOR01ISAF10<\/td>\n<\/tr>\n<tr class=\"row-16\">\n\t<td class=\"column-1\"><\/td><td class=\"column-2\">10230<\/td><td class=\"column-3\">Mogens <\/td><td class=\"column-4\">Juul<\/td><td class=\"column-5\">Gaza 04<\/td>\n<\/tr>\n<tr class=\"row-17\">\n\t<td class=\"column-1\"><\/td><td class=\"column-2\">10187<\/td><td class=\"column-3\">Jon Hejlemann<\/td><td class=\"column-4\">Olsen<\/td><td class=\"column-5\">Kroatien 06.07<\/td>\n<\/tr>\n<tr class=\"row-18\">\n\t<td class=\"column-1\"><\/td><td class=\"column-2\">10150<\/td><td class=\"column-3\">Thomas<\/td><td class=\"column-4\">Skj\u00f8dt<\/td><td class=\"column-5\">Kroatien 08.IFOR1.SFOR 06. KFOR 01. IRAK 01<\/td>\n<\/tr>\n<tr class=\"row-19\">\n\t<td class=\"column-1\"><\/td><td class=\"column-2\">10121<\/td><td class=\"column-3\">Henrik<\/td><td class=\"column-4\">Vetter<\/td><td class=\"column-5\">Cypern 34<\/td>\n<\/tr>\n<tr class=\"row-20\">\n\t<td class=\"column-1\"><\/td><td class=\"column-2\">10101<\/td><td class=\"column-3\">Allan<\/td><td class=\"column-4\">Hjort<\/td><td class=\"column-5\">Cypern 38<\/td>\n<\/tr>\n<tr class=\"row-21\">\n\t<td class=\"column-1\"><\/td><td class=\"column-2\">10084<\/td><td class=\"column-3\">Svend Aage<\/td><td class=\"column-4\">Vebel<\/td><td class=\"column-5\">Cypern 26.27<\/td>\n<\/tr>\n<tr class=\"row-22\">\n\t<td class=\"column-1\"><\/td><td class=\"column-2\">10064<\/td><td class=\"column-3\">Henrik Storm<\/td><td class=\"column-4\">Jensen<\/td><td class=\"column-5\">Cypern 21<\/td>\n<\/tr>\n<tr class=\"row-23\">\n\t<td class=\"column-1\">Jubilarer 2026 \u2764\u2764\u2764\u2764<\/td><td class=\"column-2\"><\/td><td class=\"column-3\"><\/td><td class=\"column-4\"><\/td><td class=\"column-5\"><\/td>\n<\/tr>\n<tr class=\"row-24\">\n\t<td class=\"column-1\">50 \u00e5r \u2764\u2764<\/td><td class=\"column-2\"><\/td><td class=\"column-3\"><\/td><td class=\"column-4\"><\/td><td class=\"column-5\"><\/td>\n<\/tr>\n<tr class=\"row-25\">\n\t<td class=\"column-1\"><\/td><td class=\"column-2\">275<\/td><td class=\"column-3\">Hans <\/td><td class=\"column-4\">Nielsen<\/td><td class=\"column-5\">Cypern 22, 23, 24<\/td>\n<\/tr>\n<tr class=\"row-26\">\n\t<td class=\"column-1\"><\/td><td class=\"column-2\">244<\/td><td class=\"column-3\">Ove Hoe<\/td><td class=\"column-4\">Andersen<\/td><td class=\"column-5\">Cypern 22, 23<br \/>\n<\/td>\n<\/tr>\n<tr class=\"row-27\">\n\t<td class=\"column-1\">40 \u00e5r \u2764\u2764<\/td><td class=\"column-2\"><\/td><td class=\"column-3\"><\/td><td class=\"column-4\"><\/td><td class=\"column-5\"><\/td>\n<\/tr>\n<tr class=\"row-28\">\n\t<td class=\"column-1\"><\/td><td class=\"column-2\">1699<\/td><td class=\"column-3\">Palle E.S<\/td><td class=\"column-4\">Jensen<\/td><td class=\"column-5\">Gaza 01<br \/>\n<\/td>\n<\/tr>\n<tr class=\"row-29\">\n\t<td class=\"column-1\"><\/td><td class=\"column-2\">1621<\/td><td class=\"column-3\">Steffen Mads<\/td><td class=\"column-4\">Carlsen<\/td><td class=\"column-5\">Cypern 42, 43, 44<br \/>\n<\/td>\n<\/tr>\n<tr class=\"row-30\">\n\t<td class=\"column-1\">25 \u00e5r \u2764\u2764<\/td><td class=\"column-2\"><\/td><td class=\"column-3\"><\/td><td class=\"column-4\"><\/td><td class=\"column-5\"><\/td>\n<\/tr>\n<tr class=\"row-31\">\n\t<td class=\"column-1\"><\/td><td class=\"column-2\">6474<\/td><td class=\"column-3\">S\u00f8ren<\/td><td class=\"column-4\">Benn<\/td><td class=\"column-5\">Cypern 08<\/td>\n<\/tr>\n<tr class=\"row-32\">\n\t<td class=\"column-1\"><\/td><td class=\"column-2\">6355<\/td><td class=\"column-3\">Henning R<\/td><td class=\"column-4\">Marquart<\/td><td class=\"column-5\">Cypern D-Coy<br \/>\n<\/td>\n<\/tr>\n<tr class=\"row-33\">\n\t<td class=\"column-1\">20 \u00e5r \u2764\u2764<\/td><td class=\"column-2\"><\/td><td class=\"column-3\"><\/td><td class=\"column-4\"><\/td><td class=\"column-5\"><\/td>\n<\/tr>\n<tr class=\"row-34\">\n\t<td class=\"column-1\"><\/td><td class=\"column-2\">7685<\/td><td class=\"column-3\">Torben<\/td><td class=\"column-4\">Christensen<\/td><td class=\"column-5\">Cypern 35<br \/>\n<\/td>\n<\/tr>\n<tr class=\"row-35\">\n\t<td class=\"column-1\"><\/td><td class=\"column-2\">7539<\/td><td class=\"column-3\">Ole<\/td><td class=\"column-4\">Boye<\/td><td class=\"column-5\"><\/td>\n<\/tr>\n<tr class=\"row-36\">\n\t<td class=\"column-1\">10 \u00e5r \u2764\u2764<\/td><td class=\"column-2\"><\/td><td class=\"column-3\"><\/td><td class=\"column-4\"><\/td><td class=\"column-5\"><\/td>\n<\/tr>\n<tr class=\"row-37\">\n\t<td class=\"column-1\"><\/td><td class=\"column-2\">10425<\/td><td class=\"column-3\">Knud M\u00f8ller<\/td><td class=\"column-4\">Pedersen<\/td><td class=\"column-5\">Cypern 14<\/td>\n<\/tr>\n<tr class=\"row-38\">\n\t<td class=\"column-1\"><\/td><td class=\"column-2\">10453<\/td><td class=\"column-3\">Leif G. <\/td><td class=\"column-4\">Schunck<\/td><td class=\"column-5\">Cypern 39,40,45 UNTSO 72-74, UNGOMAP 88-89<br \/>\n<br \/>\n<\/td>\n<\/tr>\n<tr class=\"row-39\">\n\t<td class=\"column-1\"><\/td><td class=\"column-2\">10502<\/td><td class=\"column-3\">Jan Schou <\/td><td class=\"column-4\">Ellekilde<\/td><td class=\"column-5\">Cypern 53<br \/>\n<\/td>\n<\/tr>\n<tr class=\"row-40\">\n\t<td class=\"column-1\"><\/td><td class=\"column-2\">10620<\/td><td class=\"column-3\">Thomas Orneborg<\/td><td class=\"column-4\">Nielsen<\/td><td class=\"column-5\">Kroatien 01,04<br \/>\n<\/td>\n<\/tr>\n<tr class=\"row-41\">\n\t<td class=\"column-1\"><\/td><td class=\"column-2\"><\/td><td class=\"column-3\"><\/td><td class=\"column-4\"><\/td><td class=\"column-5\"><\/td>\n<\/tr>\n<tr class=\"row-42\">\n\t<td class=\"column-1\"><\/td><td class=\"column-2\"><\/td><td class=\"column-3\"><\/td><td class=\"column-4\"><\/td><td class=\"column-5\"><\/td>\n<\/tr>\n<tr class=\"row-43\">\n\t<td class=\"column-1\"><\/td><td class=\"column-2\"><\/td><td class=\"column-3\"><\/td><td class=\"column-4\"><\/td><td class=\"column-5\"><\/td>\n<\/tr>\n<tr class=\"row-44\">\n\t<td class=\"column-1\"><\/td><td class=\"column-2\"><\/td><td class=\"column-3\"><\/td><td class=\"column-4\"><\/td><td class=\"column-5\"><\/td>\n<\/tr>\n<tr class=\"row-45\">\n\t<td class=\"column-1\"><\/td><td class=\"column-2\"><\/td><td class=\"column-3\"><\/td><td class=\"column-4\"><\/td><td class=\"column-5\"><\/td>\n<\/tr>\n<\/tbody>\n<\/table>\n<!-- #tablepress-50 from cache -->\n<p><a href=\"http:\/\/nordsjaelland.danmarksveteraner.dk\/wordpress\/wp-content\/uploads\/2016\/03\/FN-vagter-jpg_001.jpg\"><br \/>\n<img loading=\"lazy\" decoding=\"async\" class=\"aligncenter size-thumbnail wp-image-389\" src=\"http:\/\/nordsjaelland.danmarksveteraner.dk\/wordpress\/wp-content\/uploads\/2016\/03\/FN-vagter-jpg_001-150x150.jpg\" alt=\"\" width=\"150\" height=\"150\"><\/a><\/p>\n<p><strong>Lokalforeningen siger tak for din trofasthed.<\/strong><br \/>\nModtog du ikke dit \u00e5rstegn ved generalforsamlingen, bedes du kontakte formanden, s\u00e5 du ved et medlemsm\u00f8de kan f\u00e5 dit velfortjente \u00e5rstegn overrakt.<\/p>\n","protected":false},"excerpt":{"rendered":"<p>S\u00e5 skete det! At lokalforeningen kan fejre 50 \u00e5rs medlems jubilarer. Lokalforeningen siger tak for din trofasthed. Modtog du ikke<\/p>\n","protected":false},"author":1,"featured_media":0,"parent":157,"menu_order":3,"comment_status":"closed","ping_status":"closed","template":"","meta":{"colormag_page_container_layout":"default_layout","colormag_page_sidebar_layout":"default_layout","footnotes":""},"class_list":["post-171","page","type-page","status-publish","hentry"],"_links":{"self":[{"href":"https:\/\/nordsjaelland.danmarksveteraner.dk\/wordpress\/index.php?rest_route=\/wp\/v2\/pages\/171","targetHints":{"allow":["GET"]}}],"collection":[{"href":"https:\/\/nordsjaelland.danmarksveteraner.dk\/wordpress\/index.php?rest_route=\/wp\/v2\/pages"}],"about":[{"href":"https:\/\/nordsjaelland.danmarksveteraner.dk\/wordpress\/index.php?rest_route=\/wp\/v2\/types\/page"}],"author":[{"embeddable":true,"href":"https:\/\/nordsjaelland.danmarksveteraner.dk\/wordpress\/index.php?rest_route=\/wp\/v2\/users\/1"}],"replies":[{"embeddable":true,"href":"https:\/\/nordsjaelland.danmarksveteraner.dk\/wordpress\/index.php?rest_route=%2Fwp%2Fv2%2Fcomments&post=171"}],"version-history":[{"count":18,"href":"https:\/\/nordsjaelland.danmarksveteraner.dk\/wordpress\/index.php?rest_route=\/wp\/v2\/pages\/171\/revisions"}],"predecessor-version":[{"id":5304,"href":"https:\/\/nordsjaelland.danmarksveteraner.dk\/wordpress\/index.php?rest_route=\/wp\/v2\/pages\/171\/revisions\/5304"}],"up":[{"embeddable":true,"href":"https:\/\/nordsjaelland.danmarksveteraner.dk\/wordpress\/index.php?rest_route=\/wp\/v2\/pages\/157"}],"wp:attachment":[{"href":"https:\/\/nordsjaelland.danmarksveteraner.dk\/wordpress\/index.php?rest_route=%2Fwp%2Fv2%2Fmedia&parent=171"}],"curies":[{"name":"wp","href":"https:\/\/api.w.org\/{rel}","templated":true}]}}