{"id":34,"date":"2016-03-15T09:38:11","date_gmt":"2016-03-15T09:38:11","guid":{"rendered":"http:\/\/nordsjaelland.danmarksveteraner.dk\/wordpress\/?page_id=34"},"modified":"2019-08-11T13:39:03","modified_gmt":"2019-08-11T11:39:03","slug":"organisation","status":"publish","type":"page","link":"https:\/\/nordsjaelland.danmarksveteraner.dk\/wordpress\/?page_id=34","title":{"rendered":"Organisation"},"content":{"rendered":"<p>Her finder du vore vedt\u00e6gter, bestyrelsesliste, referater, lokaler og historie.<\/p>\n<p>Husk at hvis du har ris, ros eller gode id\u00e9er, som du vil dele med bestyrelsen, s\u00e5 kan du kontakte os andetsteds p\u00e5 hjemmesiden.<\/p>\n<p>Bestyrelsen samles flere gange om \u00e5ret og her kan du se datoerne for de planlagte bestyrelsesm\u00f8der for 2019.<\/p>\n<p style=\"text-align: center;\">Torsdag d. 3. oktober 2019.<\/p>\n<p style=\"text-align: center;\">\n","protected":false},"excerpt":{"rendered":"<p>Her finder du vore vedt\u00e6gter, bestyrelsesliste, referater, lokaler og historie. Husk at hvis du har ris, ros eller gode id\u00e9er,<\/p>\n","protected":false},"author":1,"featured_media":0,"parent":0,"menu_order":3,"comment_status":"closed","ping_status":"closed","template":"","meta":{"colormag_page_container_layout":"default_layout","colormag_page_sidebar_layout":"default_layout","footnotes":""},"class_list":["post-34","page","type-page","status-publish","hentry"],"_links":{"self":[{"href":"https:\/\/nordsjaelland.danmarksveteraner.dk\/wordpress\/index.php?rest_route=\/wp\/v2\/pages\/34","targetHints":{"allow":["GET"]}}],"collection":[{"href":"https:\/\/nordsjaelland.danmarksveteraner.dk\/wordpress\/index.php?rest_route=\/wp\/v2\/pages"}],"about":[{"href":"https:\/\/nordsjaelland.danmarksveteraner.dk\/wordpress\/index.php?rest_route=\/wp\/v2\/types\/page"}],"author":[{"embeddable":true,"href":"https:\/\/nordsjaelland.danmarksveteraner.dk\/wordpress\/index.php?rest_route=\/wp\/v2\/users\/1"}],"replies":[{"embeddable":true,"href":"https:\/\/nordsjaelland.danmarksveteraner.dk\/wordpress\/index.php?rest_route=%2Fwp%2Fv2%2Fcomments&post=34"}],"version-history":[{"count":5,"href":"https:\/\/nordsjaelland.danmarksveteraner.dk\/wordpress\/index.php?rest_route=\/wp\/v2\/pages\/34\/revisions"}],"predecessor-version":[{"id":2668,"href":"https:\/\/nordsjaelland.danmarksveteraner.dk\/wordpress\/index.php?rest_route=\/wp\/v2\/pages\/34\/revisions\/2668"}],"wp:attachment":[{"href":"https:\/\/nordsjaelland.danmarksveteraner.dk\/wordpress\/index.php?rest_route=%2Fwp%2Fv2%2Fmedia&parent=34"}],"curies":[{"name":"wp","href":"https:\/\/api.w.org\/{rel}","templated":true}]}}