{"id":375,"date":"2016-03-17T17:39:52","date_gmt":"2016-03-17T17:39:52","guid":{"rendered":"http:\/\/nordsjaelland.danmarksveteraner.dk\/wordpress\/?page_id=375"},"modified":"2026-03-22T12:40:28","modified_gmt":"2026-03-22T11:40:28","slug":"start-2","status":"publish","type":"page","link":"https:\/\/nordsjaelland.danmarksveteraner.dk\/wordpress\/","title":{"rendered":"Start"},"content":{"rendered":"<h5 style=\"text-align: center;\"><img loading=\"lazy\" decoding=\"async\" class=\"wp-image-1016 alignnone\" src=\"http:\/\/nordsjaelland.danmarksveteraner.dk\/wordpress\/wp-content\/uploads\/2016\/03\/UN.jpg\" alt=\"UN\" width=\"86\" height=\"57\" srcset=\"https:\/\/nordsjaelland.danmarksveteraner.dk\/wordpress\/wp-content\/uploads\/2016\/03\/UN.jpg 384w, https:\/\/nordsjaelland.danmarksveteraner.dk\/wordpress\/wp-content\/uploads\/2016\/03\/UN-300x200.jpg 300w\" sizes=\"auto, (max-width: 86px) 100vw, 86px\" \/><a href=\"http:\/\/nordsjaelland.danmarksveteraner.dk\/wordpress\/wp-content\/uploads\/2016\/03\/NATO.jpg\"><img loading=\"lazy\" decoding=\"async\" class=\"wp-image-1014 alignnone\" src=\"http:\/\/nordsjaelland.danmarksveteraner.dk\/wordpress\/wp-content\/uploads\/2016\/03\/NATO.jpg\" alt=\"NATO\" width=\"76\" height=\"57\" srcset=\"https:\/\/nordsjaelland.danmarksveteraner.dk\/wordpress\/wp-content\/uploads\/2016\/03\/NATO.jpg 340w, https:\/\/nordsjaelland.danmarksveteraner.dk\/wordpress\/wp-content\/uploads\/2016\/03\/NATO-300x226.jpg 300w\" sizes=\"auto, (max-width: 76px) 100vw, 76px\" \/><\/a><a href=\"http:\/\/nordsjaelland.danmarksveteraner.dk\/wordpress\/wp-content\/uploads\/2016\/03\/DK.gif\"><img loading=\"lazy\" decoding=\"async\" class=\"wp-image-1017 alignnone\" src=\"http:\/\/nordsjaelland.danmarksveteraner.dk\/wordpress\/wp-content\/uploads\/2016\/03\/DK.gif\" alt=\"DK\" width=\"76\" height=\"58\" \/><\/a><a href=\"http:\/\/nordsjaelland.danmarksveteraner.dk\/wordpress\/wp-content\/uploads\/2016\/03\/EU.jpg\"><img loading=\"lazy\" decoding=\"async\" class=\"wp-image-1013 alignnone\" src=\"http:\/\/nordsjaelland.danmarksveteraner.dk\/wordpress\/wp-content\/uploads\/2016\/03\/EU.jpg\" alt=\"EU\" width=\"86\" height=\"57\" srcset=\"https:\/\/nordsjaelland.danmarksveteraner.dk\/wordpress\/wp-content\/uploads\/2016\/03\/EU.jpg 384w, https:\/\/nordsjaelland.danmarksveteraner.dk\/wordpress\/wp-content\/uploads\/2016\/03\/EU-300x200.jpg 300w\" sizes=\"auto, (max-width: 86px) 100vw, 86px\" \/><\/a><a href=\"http:\/\/nordsjaelland.danmarksveteraner.dk\/wordpress\/wp-content\/uploads\/2016\/03\/OSCE.jpg\"><img loading=\"lazy\" decoding=\"async\" class=\"wp-image-1015 alignnone\" src=\"http:\/\/nordsjaelland.danmarksveteraner.dk\/wordpress\/wp-content\/uploads\/2016\/03\/OSCE.jpg\" alt=\"OSCE\" width=\"176\" height=\"58\" \/><\/a><\/h5>\n<h5 style=\"text-align: center;\">Velkommen til<br \/>Danmarks Veteraner Nordsj\u00e6llands hjemmeside.<\/h5>\n<p style=\"text-align: center;\"><img loading=\"lazy\" decoding=\"async\" class=\"wp-image-49 aligncenter\" src=\"http:\/\/nordsjaelland.danmarksveteraner.dk\/wordpress\/wp-content\/uploads\/2016\/02\/P1020531-Kopi.jpg\" alt=\"P1020531 - Kopi\" width=\"176\" height=\"130\" srcset=\"https:\/\/nordsjaelland.danmarksveteraner.dk\/wordpress\/wp-content\/uploads\/2016\/02\/P1020531-Kopi.jpg 1380w, https:\/\/nordsjaelland.danmarksveteraner.dk\/wordpress\/wp-content\/uploads\/2016\/02\/P1020531-Kopi-300x222.jpg 300w, https:\/\/nordsjaelland.danmarksveteraner.dk\/wordpress\/wp-content\/uploads\/2016\/02\/P1020531-Kopi-768x568.jpg 768w, https:\/\/nordsjaelland.danmarksveteraner.dk\/wordpress\/wp-content\/uploads\/2016\/02\/P1020531-Kopi-1024x757.jpg 1024w\" sizes=\"auto, (max-width: 176px) 100vw, 176px\" \/><\/p>\n<p style=\"text-align: left;\">Vi er en lokalforening under Danmarks Veteraner, som optager alle af \u201dRegeringen oktober 2010\u201d n\u00e6vnte definition for \u201dveteran\u201d som er\/eller har v\u00e6ret udsendt af Danmark og deltaget i en international operation, der berettiger til at modtage et veterankort.<br \/>Vi holder til hos &#8220;moderen&#8221; for alle internationale udsendelser, J\u00e6gersprislejren, i den gamle barak lejr, hvor vi har lokaler i bygn. 65, kostforplejnings barakken.<\/p>\n<p style=\"text-align: left;\">Du kan b\u00e5de se og bruge hjemmesiden p\u00e5 din pc, tablet og smartphone.<\/p>\n<p style=\"text-align: left;\">Bes\u00f8g ogs\u00e5 vores Facebook side: <a href=\"https:\/\/www.facebook.com\/groups\/1641477012817658\/\"><img loading=\"lazy\" decoding=\"async\" class=\"wp-image-1006 alignleft\" src=\"http:\/\/nordsjaelland.danmarksveteraner.dk\/wordpress\/wp-content\/uploads\/2016\/03\/images-150x150.png\" alt=\"\" width=\"33\" height=\"33\" srcset=\"https:\/\/nordsjaelland.danmarksveteraner.dk\/wordpress\/wp-content\/uploads\/2016\/03\/images-150x150.png 150w, https:\/\/nordsjaelland.danmarksveteraner.dk\/wordpress\/wp-content\/uploads\/2016\/03\/images.png 225w\" sizes=\"auto, (max-width: 33px) 100vw, 33px\" \/><\/a><br \/>Danmarks Veteraner Nordsj\u00e6lland &#8211; DVNORD\u00a0<a href=\"https:\/\/www.facebook.com\/DVNORD\">https:\/\/www.facebook.com\/DVNORD<\/a><\/p>\n<p>Du kan betale via MobilePay p\u00e5 5516MW til DK Veteraner Nordsj\u00e6lland, til alle vores arrangementer eller via vores konto i Danske Bank reg. nr. 9570 kontonummer 12780974.<br \/>HUSK at skrive dato for arrangementet du tilmelder dig til.<\/p>\n<h3><a href=\"https:\/\/danmarksveteraner.dk\/wordpress\/?page_id=90\">Indmeldelse (danmarksveteraner.dk)<\/a><\/h3>\n<h6>Meld dig ind nu!!!!<\/h6>\n<h6>Hvis du har v\u00e6ret udsendt i international tjeneste for Danmark og har ret til at kalde dig veteran, s\u00e5 vil vi gerne have dig som aktivt medlem. Du kan melde dig ind ved at trykke p\u00e5 den bl\u00e5 tekst &#8211; Indmeldelse.<\/h6>\n<h6>\u00d8nsker du at st\u00f8tte Danmarks Veteraner kan du ogs\u00e5 melde dig ind som st\u00f8ttemedlem, dette kr\u00e6ver ikke, at du har v\u00e6ret udsendt.<\/h6>\n<h5><strong>Tank OK og st\u00f8t os. Vi har en sponsoraftale med OK Benzin.<\/strong><\/h5>\n<h3 class=\"r\" role=\"heading\" aria-level=\"1\"><a href=\"https:\/\/nordsjaelland.danmarksveteraner.dk\/wordpress\/wp-content\/uploads\/2023\/07\/04.jpg\"><img loading=\"lazy\" decoding=\"async\" class=\"alignnone  wp-image-4616\" src=\"https:\/\/nordsjaelland.danmarksveteraner.dk\/wordpress\/wp-content\/uploads\/2023\/07\/04.jpg\" alt=\"\" width=\"120\" height=\"161\" \/> <\/a><\/h3>\n<hr \/>\n<p style=\"text-align: right;\">\u00a0\u00a0 Hjemmesiden opdateret 22. marts 2026<\/p>\n<p style=\"text-align: right;\">CVR: 36666390<br \/>CFR: \u00a0 1316632<\/p>\n\n\n<p><\/p>\n","protected":false},"excerpt":{"rendered":"<p>Velkommen tilDanmarks Veteraner Nordsj\u00e6llands hjemmeside. Vi er en lokalforening under Danmarks Veteraner, som optager alle af \u201dRegeringen oktober 2010\u201d n\u00e6vnte<\/p>\n","protected":false},"author":1,"featured_media":0,"parent":0,"menu_order":0,"comment_status":"closed","ping_status":"closed","template":"","meta":{"colormag_page_container_layout":"default_layout","colormag_page_sidebar_layout":"default_layout","footnotes":""},"class_list":["post-375","page","type-page","status-publish","hentry"],"_links":{"self":[{"href":"https:\/\/nordsjaelland.danmarksveteraner.dk\/wordpress\/index.php?rest_route=\/wp\/v2\/pages\/375","targetHints":{"allow":["GET"]}}],"collection":[{"href":"https:\/\/nordsjaelland.danmarksveteraner.dk\/wordpress\/index.php?rest_route=\/wp\/v2\/pages"}],"about":[{"href":"https:\/\/nordsjaelland.danmarksveteraner.dk\/wordpress\/index.php?rest_route=\/wp\/v2\/types\/page"}],"author":[{"embeddable":true,"href":"https:\/\/nordsjaelland.danmarksveteraner.dk\/wordpress\/index.php?rest_route=\/wp\/v2\/users\/1"}],"replies":[{"embeddable":true,"href":"https:\/\/nordsjaelland.danmarksveteraner.dk\/wordpress\/index.php?rest_route=%2Fwp%2Fv2%2Fcomments&post=375"}],"version-history":[{"count":365,"href":"https:\/\/nordsjaelland.danmarksveteraner.dk\/wordpress\/index.php?rest_route=\/wp\/v2\/pages\/375\/revisions"}],"predecessor-version":[{"id":5803,"href":"https:\/\/nordsjaelland.danmarksveteraner.dk\/wordpress\/index.php?rest_route=\/wp\/v2\/pages\/375\/revisions\/5803"}],"wp:attachment":[{"href":"https:\/\/nordsjaelland.danmarksveteraner.dk\/wordpress\/index.php?rest_route=%2Fwp%2Fv2%2Fmedia&parent=375"}],"curies":[{"name":"wp","href":"https:\/\/api.w.org\/{rel}","templated":true}]}}