{"id":74,"date":"2016-03-15T14:35:34","date_gmt":"2016-03-15T14:35:34","guid":{"rendered":"http:\/\/nordsjaelland.danmarksveteraner.dk\/wordpress\/?page_id=74"},"modified":"2026-02-26T11:14:17","modified_gmt":"2026-02-26T10:14:17","slug":"bestyrelsen-2","status":"publish","type":"page","link":"https:\/\/nordsjaelland.danmarksveteraner.dk\/wordpress\/?page_id=74","title":{"rendered":"Bestyrelsen 2026"},"content":{"rendered":"\n<figure class=\"wp-block-table alignwide\"><table><tbody><tr><td><\/td><td>Funktion<\/td><td>Navn<\/td><td>Telefon<\/td><td>Mail<\/td><td>Adresse<\/td><\/tr><tr><td><img loading=\"lazy\" decoding=\"async\" width=\"150\" height=\"137\" class=\"wp-image-5644\" style=\"width: 150px;\" src=\"https:\/\/nordsjaelland.danmarksveteraner.dk\/wordpress\/wp-content\/uploads\/2025\/11\/Steen-24-okt-25-1.jpg\" alt=\"\" srcset=\"https:\/\/nordsjaelland.danmarksveteraner.dk\/wordpress\/wp-content\/uploads\/2025\/11\/Steen-24-okt-25-1.jpg 1770w, https:\/\/nordsjaelland.danmarksveteraner.dk\/wordpress\/wp-content\/uploads\/2025\/11\/Steen-24-okt-25-1-300x273.jpg 300w, https:\/\/nordsjaelland.danmarksveteraner.dk\/wordpress\/wp-content\/uploads\/2025\/11\/Steen-24-okt-25-1-1024x933.jpg 1024w, https:\/\/nordsjaelland.danmarksveteraner.dk\/wordpress\/wp-content\/uploads\/2025\/11\/Steen-24-okt-25-1-768x700.jpg 768w, https:\/\/nordsjaelland.danmarksveteraner.dk\/wordpress\/wp-content\/uploads\/2025\/11\/Steen-24-okt-25-1-1536x1400.jpg 1536w\" sizes=\"auto, (max-width: 150px) 100vw, 150px\" \/><\/td><td>Formand<\/td><td>Steen Sch\u00fctz<\/td><td>40860329<\/td><td><a href=\"mailto:nordsjaelland@danmarksveteraner.dk\">nordsjaelland@danmarksveteraner.dk<\/a><\/td><td>Dyrl\u00e6geg\u00e5rds Alle 17<br>3600 Frederikssund<\/td><\/tr><tr><td><img loading=\"lazy\" decoding=\"async\" width=\"150\" height=\"163\" class=\"wp-image-5647\" style=\"width: 150px;\" src=\"https:\/\/nordsjaelland.danmarksveteraner.dk\/wordpress\/wp-content\/uploads\/2025\/11\/Klaus-Lundin-25.jpg\" alt=\"\" srcset=\"https:\/\/nordsjaelland.danmarksveteraner.dk\/wordpress\/wp-content\/uploads\/2025\/11\/Klaus-Lundin-25.jpg 594w, https:\/\/nordsjaelland.danmarksveteraner.dk\/wordpress\/wp-content\/uploads\/2025\/11\/Klaus-Lundin-25-276x300.jpg 276w\" sizes=\"auto, (max-width: 150px) 100vw, 150px\" \/><\/td><td>N\u00e6stformand<\/td><td>Klaus Lundin<\/td><td>61 29 40 02<\/td><td><a href=\"mailto:klauslundin@hotmail.com\">klauslundin@hotmail.com<\/a><\/td><td>Bakkedraget 11<br>3630 J\u00e6gerspris<\/td><\/tr><tr><td><img loading=\"lazy\" decoding=\"async\" width=\"150\" height=\"140\" class=\"wp-image-5770\" style=\"width: 150px;\" src=\"https:\/\/nordsjaelland.danmarksveteraner.dk\/wordpress\/wp-content\/uploads\/2026\/02\/Henning-KAS.jpg\" alt=\"\"><\/td><td>Kasserer<\/td><td>M.F. Vitagliano<\/td><td>31 76 41 44<\/td><td><a href=\"mailto:vitagliano@jubii.dk\">vitagliano@jubii.dk<\/a><\/td><td>Kielsh\u00f8j 51, 3520 Farum<\/td><\/tr><tr><td><img loading=\"lazy\" decoding=\"async\" width=\"80\" height=\"100\" class=\"wp-image-1823\" style=\"width: 80px;\" src=\"https:\/\/nordsjaelland.danmarksveteraner.dk\/wordpress\/wp-content\/uploads\/2018\/02\/Mogens-80x100.jpg\" alt=\"\"><\/td><td>Sekret\u00e6r<\/td><td>Mogens Juul<br><\/td><td>24 89 83 42<\/td><td><a href=\"mailto:imjuul@mail.tele.dk\">imjuul@mail.tele.dk<\/a><\/td><td>Kronhjortevej 6, Asserbo<br>3300 Frederiksv\u00e6rk<\/td><\/tr><tr><td><\/td><td>Webmaster<\/td><td>Lars H. Hansen<\/td><td>20 20 70 28<\/td><td><a href=\"mailto:vapper@post8.tele.dk\">lhh@xeros.dk<\/a><\/td><td>Ellelunden 18<br>3630 J\u00e6gerspris<\/td><\/tr><\/tbody><\/table><\/figure>\n\n\n\n<div class=\"wp-block-group is-nowrap is-layout-flex wp-container-core-group-is-layout-6c531013 wp-block-group-is-layout-flex\">\n<div class=\"wp-block-columns are-vertically-aligned-top is-layout-flex wp-container-core-columns-is-layout-28f84493 wp-block-columns-is-layout-flex\">\n<div class=\"wp-block-column is-vertically-aligned-top is-layout-flow wp-block-column-is-layout-flow\" style=\"flex-basis:100%\"><\/div>\n<\/div>\n<\/div>\n\n\n\n<p><\/p>\n","protected":false},"excerpt":{"rendered":"<p>Funktion Navn Telefon Mail Adresse Formand Steen Sch\u00fctz 40860329 nordsjaelland@danmarksveteraner.dk Dyrl\u00e6geg\u00e5rds Alle 173600 Frederikssund N\u00e6stformand Klaus Lundin 61 29 40<\/p>\n","protected":false},"author":1,"featured_media":0,"parent":34,"menu_order":2,"comment_status":"closed","ping_status":"closed","template":"","meta":{"colormag_page_container_layout":"default_layout","colormag_page_sidebar_layout":"default_layout","footnotes":""},"class_list":["post-74","page","type-page","status-publish","hentry"],"_links":{"self":[{"href":"https:\/\/nordsjaelland.danmarksveteraner.dk\/wordpress\/index.php?rest_route=\/wp\/v2\/pages\/74","targetHints":{"allow":["GET"]}}],"collection":[{"href":"https:\/\/nordsjaelland.danmarksveteraner.dk\/wordpress\/index.php?rest_route=\/wp\/v2\/pages"}],"about":[{"href":"https:\/\/nordsjaelland.danmarksveteraner.dk\/wordpress\/index.php?rest_route=\/wp\/v2\/types\/page"}],"author":[{"embeddable":true,"href":"https:\/\/nordsjaelland.danmarksveteraner.dk\/wordpress\/index.php?rest_route=\/wp\/v2\/users\/1"}],"replies":[{"embeddable":true,"href":"https:\/\/nordsjaelland.danmarksveteraner.dk\/wordpress\/index.php?rest_route=%2Fwp%2Fv2%2Fcomments&post=74"}],"version-history":[{"count":47,"href":"https:\/\/nordsjaelland.danmarksveteraner.dk\/wordpress\/index.php?rest_route=\/wp\/v2\/pages\/74\/revisions"}],"predecessor-version":[{"id":5801,"href":"https:\/\/nordsjaelland.danmarksveteraner.dk\/wordpress\/index.php?rest_route=\/wp\/v2\/pages\/74\/revisions\/5801"}],"up":[{"embeddable":true,"href":"https:\/\/nordsjaelland.danmarksveteraner.dk\/wordpress\/index.php?rest_route=\/wp\/v2\/pages\/34"}],"wp:attachment":[{"href":"https:\/\/nordsjaelland.danmarksveteraner.dk\/wordpress\/index.php?rest_route=%2Fwp%2Fv2%2Fmedia&parent=74"}],"curies":[{"name":"wp","href":"https:\/\/api.w.org\/{rel}","templated":true}]}}