{"id":877,"date":"2016-05-08T14:42:43","date_gmt":"2016-05-08T13:42:43","guid":{"rendered":"http:\/\/nordsjaelland.danmarksveteraner.dk\/wordpress\/?page_id=877"},"modified":"2021-02-15T14:42:29","modified_gmt":"2021-02-15T13:42:29","slug":"gaestebog","status":"publish","type":"page","link":"https:\/\/nordsjaelland.danmarksveteraner.dk\/wordpress\/?page_id=877","title":{"rendered":"G\u00e6stebog"},"content":{"rendered":"<div class=\"gwolle-gb\"><div class=\"gwolle-gb-messages-top-container\"><\/div>\n\t\t\t<div class=\"gwolle-gb-write-button\">\n\t\t\t\t<input type=\"button\" name=\"gwolle-gb-write-button\" class=\"button btn btn-default \" value=\"Skriv et nyt indl\u00e6g\" aria-expanded=\"false\" \/>\n\t\t\t<\/div>\n\t\t\t<form action=\"#\" method=\"POST\" class=\"gwolle-gb-write gwolle-gb-hide gwolle-gb-float gwolle-gb-form-ajax gwolle-gb-ajax gwolle-gb-not-logged-in\">\n\t\t\t\t<h3>Skriv et nyt indl\u00e6g til g\u00e6stebogen<\/h3>\n\t\t\t\t<button type=\"button\" class=\"gb-notice-dismiss\">x<span class=\"screen-reader-text\">Skjul denne formular<\/span><\/button>\n\t\t\t\n\t\t\t\t<input type=\"hidden\" name=\"gwolle_gb_function\" class=\"gwolle_gb_function\" value=\"add_entry\" \/><input type=\"hidden\" name=\"gwolle_gb_book_id\" class=\"gwolle_gb_book_id\" value=\"1\" \/><div class=\"gwolle_gb_a57617ad59477903b23666087a4dd9e3\">\n\t\t\t\t<div class=\"label\"><label for=\"gwolle_gb_a57617ad59477903b23666087a4dd9e3-1\" class=\"text-info\">Navn <span class=\"required\">*<\/span><\/label><\/div>\n\t\t\t\t<div class=\"input\"><input class=\"wp-exclude-emoji gwolle_gb_a57617ad59477903b23666087a4dd9e3\" value=\"\" type=\"text\" id=\"gwolle_gb_a57617ad59477903b23666087a4dd9e3-1\" name=\"gwolle_gb_a57617ad59477903b23666087a4dd9e3\" required \/><\/div>\n\t\t\t\t<div class=\"clearBoth\">&nbsp;<\/div>\n\t\t\t<\/div><div class=\"gwolle_gb_642f68c3750f2a2977c5e71d2a769f28\">\n\t\t\t\t\t<div class=\"label\"><label for=\"gwolle_gb_642f68c3750f2a2977c5e71d2a769f28-1\" class=\"text-info\">By<\/label><\/div>\n\t\t\t\t\t<div class=\"input\"><input class=\"wp-exclude-emoji gwolle_gb_642f68c3750f2a2977c5e71d2a769f28\" value=\"\" type=\"text\" id=\"gwolle_gb_642f68c3750f2a2977c5e71d2a769f28-1\" name=\"gwolle_gb_642f68c3750f2a2977c5e71d2a769f28\" \/><\/div>\n\t\t\t\t\t<div class=\"clearBoth\">&nbsp;<\/div>\n\t\t\t\t<\/div><div class=\"gwolle_gb_466c59e1e7a9ad6149b5c8d9947889db\">\n\t\t\t\t<div class=\"label\"><label for=\"gwolle_gb_466c59e1e7a9ad6149b5c8d9947889db-1\" class=\"text-info\">E-mail <span class=\"required\">*<\/span><\/label><\/div>\n\t\t\t\t<div class=\"input\"><input class=\"gwolle_gb_466c59e1e7a9ad6149b5c8d9947889db\" value=\"\" type=\"email\" id=\"gwolle_gb_466c59e1e7a9ad6149b5c8d9947889db-1\" name=\"gwolle_gb_466c59e1e7a9ad6149b5c8d9947889db\" required \/><\/div>\n\t\t\t\t<div class=\"clearBoth\">&nbsp;<\/div>\n\t\t\t<\/div>\n\t\t\t<div class=\"gwolle_gb_e32b6aaae375561732d9710a63e186ff\" style=\"display:none;overflow:hidden;\" hidden=\"true\" aria-hidden=\"true\">\n\t\t\t\t<div class=\"label\">\n\t\t\t\t\t<label for=\"gwolle_gb_e32b6aaae375561732d9710a63e186ff-1\" class=\"text-primary\">R\u00f8r ikke ved dette<\/label>\n\t\t\t\t\t<label for=\"gwolle_gb_20159e915913cfa7fd24562b094f3a3c-1\" class=\"text-primary\">R\u00f8r ikke ved dette<\/label>\n\t\t\t\t<\/div>\n\t\t\t\t<div class=\"input\">\n\t\t\t\t\t<input value=\"14\" type=\"text\" id=\"gwolle_gb_e32b6aaae375561732d9710a63e186ff-1\" name=\"gwolle_gb_e32b6aaae375561732d9710a63e186ff\" class=\"gwolle_gb_e32b6aaae375561732d9710a63e186ff\" style=\"transform: translateY(10000px);\" \/>\n\t\t\t\t\t<input value=\"\" type=\"text\" name=\"gwolle_gb_20159e915913cfa7fd24562b094f3a3c\" id=\"gwolle_gb_20159e915913cfa7fd24562b094f3a3c-1\" class=\"gwolle_gb_20159e915913cfa7fd24562b094f3a3c\" style=\"transform: translateY(10000px);\" \/>\n\t\t\t\t<\/div>\n\t\t\t\t<div class=\"clearBoth\"><\/div>\n\t\t\t<\/div>\n\t\t\t<div class=\"gwolle_gb_4fa6e7f693d43f3755c99bb1ac777756\" style=\"display:none;overflow:hidden;\" hidden=\"true\" aria-hidden=\"true\">\n\t\t\t\t<div class=\"label\">\n\t\t\t\t\t<label for=\"gwolle_gb_4fa6e7f693d43f3755c99bb1ac777756-1\" class=\"text-primary\">R\u00f8r ikke ved dette<\/label>\n\t\t\t\t\t<label for=\"gwolle_gb_904e13a0db8063a472e38cab4329d5e1-1\" class=\"text-primary\">R\u00f8r ikke ved dette<\/label>\n\t\t\t\t<\/div>\n\t\t\t\t<div class=\"input\">\n\t\t\t\t\t<input value=\"87552\" type=\"text\" id=\"gwolle_gb_4fa6e7f693d43f3755c99bb1ac777756-1\" name=\"gwolle_gb_4fa6e7f693d43f3755c99bb1ac777756\" class=\"gwolle_gb_4fa6e7f693d43f3755c99bb1ac777756\" style=\"transform: translateY(10000px);\" \/>\n\t\t\t\t\t<input value=\"87552\" type=\"text\"id=\"gwolle_gb_904e13a0db8063a472e38cab4329d5e1-1\" name=\"gwolle_gb_904e13a0db8063a472e38cab4329d5e1\" class=\"gwolle_gb_904e13a0db8063a472e38cab4329d5e1\" style=\"transform: translateY(10000px);\" \/>\n\t\t\t\t<\/div>\n\t\t\t\t<div class=\"clearBoth\"><\/div>\n\t\t\t<\/div><div class=\"gwolle_gb_content\">\n\t\t\t\t<div class=\"label\"><label for=\"gwolle_gb_content-1\" class=\"text-info\">G\u00e6stebogsindl\u00e6g <span class=\"required\">*<\/span><\/label><\/div>\n\t\t\t\t<div class=\"input\"><textarea id=\"gwolle_gb_content-1\" name=\"gwolle_gb_content\" class=\"gwolle_gb_content wp-exclude-emoji\" required ><\/textarea><\/div>\n\t\t\t\t\t<div class=\"clearBoth\">&nbsp;<\/div>\n\t\t\t\t<\/div><input type=\"hidden\" class=\"gwolle_gb_1969708c315372c3bf2abee02e52ae0d\" id=\"gwolle_gb_1969708c315372c3bf2abee02e52ae0d-1\" name=\"gwolle_gb_1969708c315372c3bf2abee02e52ae0d\" value=\"2c1eb85f45\" \/>\n\t\t\t<div class=\"gwolle-gb-messages-bottom-container\"><\/div>\n\n\t\t\t<noscript><div class=\"no-js\">Advarsel: Denne formular kan kun benyttes, hvis JavaScript er aktiveret i din browser.<\/div><\/noscript>\n\n\t\t\t<div class=\"gwolle_gb_submit gwolle-gb-submit\">\n\t\t\t\t<div class=\"label gwolle-gb-invisible text-muted\">&nbsp;<\/div>\n\t\t\t\t<div class=\"input\">\n\t\t\t\t\t<input type=\"submit\" name=\"gwolle_gb_submit\" class=\"gwolle_gb_submit button btn btn-primary \" value=\"Send\" \/>\n\t\t\t\t\t<span class=\"gwolle_gb_submit_ajax_icon gwolle-gb-submit-ajax-icon\"><\/span>\n\t\t\t\n\t\t\t\t<\/div>\n\t\t\t\t<div class=\"clearBoth\">&nbsp;<\/div>\n\t\t\t<\/div>\n\n\t\t\t<div class=\"gwolle_gb_notice gwolle-gb-notice\">\n\t\t\t\tFelter med * skal udfyldes.<br \/>\r\nDin E-mail adresse bliver ikke vist.<br \/>\r\nVi forbeholder os ret til at slette useri\u00f8se indl\u00e6g\n\t\t\t<\/div><\/form><div class=\"gwolle-gb-read gwolle-gb-ajax gwolle-gb-entries-list\" data-book_id=\"1\" data-page_id=\"1\">\n\t\t<div id=\"gwolle-gb-total\" class=\"gwolle-gb-total\">3 indl\u00e6g.<\/div><!-- Gwolle-GB Entry: Default Template Loaded -->\n\t\t\t\t<div class=\"gb-entry gb-entry_136 gb-entry-count_1 gwolle-gb-uneven gwolle-gb-first\" id=\"gb-entry_136\" data-entry_id=\"136\">\n\t\t\t\t<article>\n\t\t\t\t\t<div class=\"gb-author-info\">\n\t\t\t\t\t\t<span class=\"gb-author-avatar\"><img referrerpolicy=\"no-referrer\" alt='Vagn Erik Hove' src='https:\/\/secure.gravatar.com\/avatar\/30cc2985bb04c5b975ab7f6c28b9d7db07489be50af51838aded1831dac78bc2?s=32&#038;d=mm&#038;r=g' srcset='https:\/\/secure.gravatar.com\/avatar\/30cc2985bb04c5b975ab7f6c28b9d7db07489be50af51838aded1831dac78bc2?s=64&#038;d=mm&#038;r=g 2x' class='avatar avatar-32 photo' height='32' width='32' \/><\/span>\n\t\t\t\t\t\t<span class=\"gb-author-name\">Vagn Erik Hove\n\t\t\t\t\t\t<\/span>\n\t\t\t\t\t\t<span class=\"gb-author-origin\">\n\t\t\t\t\t\t\t<span class=\"gb-author-origin-from-text\"> fra<\/span>\n\t\t\t\t\t\t\t<span class=\"gb-author-origin-text\"> Ganl\u00f8se<\/span>\n\t\t\t\t\t\t<\/span>\n\t\t\t\t\t\t<span class=\"gb-datetime\">\n\t\t\t\t\t\t\t<span class=\"gb-date\"><span class=\"gb-date-wrote-text\"> skrev den<\/span><span class=\"gb-date-text\"> 12. november 2023<\/span>\n\t\t\t\t\t\t\t<\/span><span class=\"gb-time\">\n\t\t\t\t\t\t\t\t\t<span class=\"gb-time-at-text\"> kl.<\/span>\n\t\t\t\t\t\t\t\t\t<span class=\"gb-time-text\"> 19:41<\/span>\n\t\t\t\t\t\t\t\t<\/span>\n\t\t\t\t\t\t<\/span> \n\t\t\t\t\t<\/div>\n\t\t\t\t\t<div class=\"gb-entry-content\">I dag s\u00f8ndag den 12. november 2023 var Inge og jeg til Harmoni for Veteraner\/ eller St\u00f8ttekoncert,  i Frederiksund.\nHvor Musikkops K\u00f8benhavn gav en 2 timers underholdning med en lille pause til at vi kunne k\u00f8be kaffe og kager.\nDet var en underholdning af musik. som mange gik glip af ved ikke at m\u00f8de op.\nJeg h\u00e5ber det gentager sig n\u00e6ste \u00e5r, og tak til de  personer der haft det store arbejde med at f\u00e5 det planlagt. Hilsen Vagn.\n\t\t\t\t\t<\/div>\n\t\t\t\t<\/article>\n\t\t\t<\/div>\n\t\t\t<div class=\"gb-entry gb-entry_85 gb-entry-count_2 gwolle-gb-even\" id=\"gb-entry_85\" data-entry_id=\"85\">\n\t\t\t\t<article>\n\t\t\t\t\t<div class=\"gb-author-info\">\n\t\t\t\t\t\t<span class=\"gb-author-avatar\"><img referrerpolicy=\"no-referrer\" alt='Vagn Erik Hove' src='https:\/\/secure.gravatar.com\/avatar\/20bb52749222b84c55175bcbebdf5f28276b4ebcbb1d574aaca91a9a7dcc7c9d?s=32&#038;d=mm&#038;r=g' srcset='https:\/\/secure.gravatar.com\/avatar\/20bb52749222b84c55175bcbebdf5f28276b4ebcbb1d574aaca91a9a7dcc7c9d?s=64&#038;d=mm&#038;r=g 2x' class='avatar avatar-32 photo' height='32' width='32' \/><\/span>\n\t\t\t\t\t\t<span class=\"gb-author-name\">Vagn Erik Hove\n\t\t\t\t\t\t<\/span>\n\t\t\t\t\t\t<span class=\"gb-author-origin\">\n\t\t\t\t\t\t\t<span class=\"gb-author-origin-from-text\"> fra<\/span>\n\t\t\t\t\t\t\t<span class=\"gb-author-origin-text\"> Ganl\u00f8se<\/span>\n\t\t\t\t\t\t<\/span>\n\t\t\t\t\t\t<span class=\"gb-datetime\">\n\t\t\t\t\t\t\t<span class=\"gb-date\"><span class=\"gb-date-wrote-text\"> skrev den<\/span><span class=\"gb-date-text\"> 10. april 2022<\/span>\n\t\t\t\t\t\t\t<\/span><span class=\"gb-time\">\n\t\t\t\t\t\t\t\t\t<span class=\"gb-time-at-text\"> kl.<\/span>\n\t\t\t\t\t\t\t\t\t<span class=\"gb-time-text\"> 10:45<\/span>\n\t\t\t\t\t\t\t\t<\/span>\n\t\t\t\t\t\t<\/span> \n\t\t\t\t\t<\/div>\n\t\t\t\t\t<div class=\"gb-entry-content\">En hilsen til alle, Nb. i dag den 10 april 2022 er det 60 \u00e5r siden, jeg var p\u00e5 min sidste orlov, inden turen gik Til Gaza hold 12, Coy 5 - 3. deling. ingen mobil telefon kontakt med familien det n\u00e6ste halve \u00e5r, kun pr. brev, jeg blev ogs\u00e5 forlovet denne dag med Tove. s\u00e5 der blev skrevet meget det halve \u00e5r. hilsen Husar 459842 Vilsund. ( Vagn Erik Hove )\n\t\t\t\t\t<\/div>\n\t\t\t\t<\/article>\n\t\t\t<\/div>\n\t\t\t<div class=\"gb-entry gb-entry_46 gb-entry-count_3 gwolle-gb-uneven\" id=\"gb-entry_46\" data-entry_id=\"46\">\n\t\t\t\t<article>\n\t\t\t\t\t<div class=\"gb-author-info\">\n\t\t\t\t\t\t<span class=\"gb-author-avatar\"><img referrerpolicy=\"no-referrer\" alt='tommy rock' src='https:\/\/secure.gravatar.com\/avatar\/1d369769e0d6b636fab932217a59c4908681bb1083dfd0e0b3201444aa249617?s=32&#038;d=mm&#038;r=g' srcset='https:\/\/secure.gravatar.com\/avatar\/1d369769e0d6b636fab932217a59c4908681bb1083dfd0e0b3201444aa249617?s=64&#038;d=mm&#038;r=g 2x' class='avatar avatar-32 photo' height='32' width='32' \/><\/span>\n\t\t\t\t\t\t<span class=\"gb-author-name\">tommy rock\n\t\t\t\t\t\t<\/span>\n\t\t\t\t\t\t<span class=\"gb-author-origin\">\n\t\t\t\t\t\t\t<span class=\"gb-author-origin-from-text\"> fra<\/span>\n\t\t\t\t\t\t\t<span class=\"gb-author-origin-text\"> stenl\u00f8se<\/span>\n\t\t\t\t\t\t<\/span>\n\t\t\t\t\t\t<span class=\"gb-datetime\">\n\t\t\t\t\t\t\t<span class=\"gb-date\"><span class=\"gb-date-wrote-text\"> skrev den<\/span><span class=\"gb-date-text\"> 19. februar 2020<\/span>\n\t\t\t\t\t\t\t<\/span><span class=\"gb-time\">\n\t\t\t\t\t\t\t\t\t<span class=\"gb-time-at-text\"> kl.<\/span>\n\t\t\t\t\t\t\t\t\t<span class=\"gb-time-text\"> 20:59<\/span>\n\t\t\t\t\t\t\t\t<\/span>\n\t\t\t\t\t\t<\/span> \n\t\t\t\t\t<\/div>\n\t\t\t\t\t<div class=\"gb-entry-content\">tak for en god bowling aften. fik da lige et par strike &gt;:) vi ses n\u00e6ste gang hvis i t\u00f8r \ud83d\ude42\nRock\n\t\t\t\t\t<\/div>\n\t\t\t\t<\/article>\n\t\t\t<\/div>\n\t\t\t<\/div><\/div>\n<p>&nbsp;<\/p>\n<p>&nbsp;<\/p>\n","protected":false},"excerpt":{"rendered":"<p>&nbsp; &nbsp;<\/p>\n","protected":false},"author":1,"featured_media":0,"parent":0,"menu_order":8,"comment_status":"closed","ping_status":"closed","template":"","meta":{"colormag_page_container_layout":"default_layout","colormag_page_sidebar_layout":"default_layout","footnotes":""},"class_list":["post-877","page","type-page","status-publish","hentry"],"_links":{"self":[{"href":"https:\/\/nordsjaelland.danmarksveteraner.dk\/wordpress\/index.php?rest_route=\/wp\/v2\/pages\/877","targetHints":{"allow":["GET"]}}],"collection":[{"href":"https:\/\/nordsjaelland.danmarksveteraner.dk\/wordpress\/index.php?rest_route=\/wp\/v2\/pages"}],"about":[{"href":"https:\/\/nordsjaelland.danmarksveteraner.dk\/wordpress\/index.php?rest_route=\/wp\/v2\/types\/page"}],"author":[{"embeddable":true,"href":"https:\/\/nordsjaelland.danmarksveteraner.dk\/wordpress\/index.php?rest_route=\/wp\/v2\/users\/1"}],"replies":[{"embeddable":true,"href":"https:\/\/nordsjaelland.danmarksveteraner.dk\/wordpress\/index.php?rest_route=%2Fwp%2Fv2%2Fcomments&post=877"}],"version-history":[{"count":6,"href":"https:\/\/nordsjaelland.danmarksveteraner.dk\/wordpress\/index.php?rest_route=\/wp\/v2\/pages\/877\/revisions"}],"predecessor-version":[{"id":985,"href":"https:\/\/nordsjaelland.danmarksveteraner.dk\/wordpress\/index.php?rest_route=\/wp\/v2\/pages\/877\/revisions\/985"}],"wp:attachment":[{"href":"https:\/\/nordsjaelland.danmarksveteraner.dk\/wordpress\/index.php?rest_route=%2Fwp%2Fv2%2Fmedia&parent=877"}],"curies":[{"name":"wp","href":"https:\/\/api.w.org\/{rel}","templated":true}]}}