{"id":93,"date":"2016-03-15T12:47:57","date_gmt":"2016-03-15T12:47:57","guid":{"rendered":"http:\/\/nordsjaelland.danmarksveteraner.dk\/wordpress\/?page_id=93"},"modified":"2026-01-24T13:43:52","modified_gmt":"2026-01-24T12:43:52","slug":"aktiviteter","status":"publish","type":"page","link":"https:\/\/nordsjaelland.danmarksveteraner.dk\/wordpress\/?page_id=93","title":{"rendered":"Mulige aktiviteter"},"content":{"rendered":"<p>Du kan se hvilke aktiviteter vi allerede har, p\u00e5 vores Aktivitetskalender og her kan du ogs\u00e5 tilmelde dig.<br \/>\nTryk p\u00e5 linket for at komme til vores aktivitetskalender.<\/p>\n<p><a href=\"https:\/\/nordsjaelland.danmarksveteraner.dk\/wordpress\/wp-content\/uploads\/2026\/01\/Aktivitets-kalender-for-2026-DVN.pdf\">Aktivitets kalender for 2026 DVN<\/a><\/p>\n<p>Vi fors\u00f8ger at tilbyde en bred vifte af tilbud p\u00e5 aktiviteter til vore medlemmer, men m\u00e5ske er der blandt vore medlemmer tanker og id\u00e9er til helt andre aktiviteter, som det kunne\u00a0v\u00e6re dejligt at h\u00f8re om, s\u00e5 kom ud af busken.<\/p>\n<p>Vore faste arrangementer er Flagdagen , veteranaftener, skydning, bowling, petanque og naturligvis de \u00e5rlige fester.<\/p>\n<p>Mulighederne er mange og vi er lydh\u00f8re for nye id\u00e9er.<\/p>\n<div class=\"ezcol ezcol-one-third\">\n<p><img loading=\"lazy\" decoding=\"async\" class=\"wp-image-134 alignleft\" src=\"http:\/\/nordsjaelland.danmarksveteraner.dk\/wordpress\/wp-content\/uploads\/2016\/02\/03-Johnny-i-kamp.jpg\" alt=\"03 Johnny i kamp\" width=\"195\" height=\"146\" srcset=\"https:\/\/nordsjaelland.danmarksveteraner.dk\/wordpress\/wp-content\/uploads\/2016\/02\/03-Johnny-i-kamp.jpg 1080w, https:\/\/nordsjaelland.danmarksveteraner.dk\/wordpress\/wp-content\/uploads\/2016\/02\/03-Johnny-i-kamp-300x225.jpg 300w, https:\/\/nordsjaelland.danmarksveteraner.dk\/wordpress\/wp-content\/uploads\/2016\/02\/03-Johnny-i-kamp-768x576.jpg 768w, https:\/\/nordsjaelland.danmarksveteraner.dk\/wordpress\/wp-content\/uploads\/2016\/02\/03-Johnny-i-kamp-1024x768.jpg 1024w\" sizes=\"auto, (max-width: 195px) 100vw, 195px\" \/><\/p>\n<\/div> <div class=\"ezcol ezcol-one-third\">\n<p><img loading=\"lazy\" decoding=\"async\" class=\"aligncenter wp-image-139\" src=\"http:\/\/nordsjaelland.danmarksveteraner.dk\/wordpress\/wp-content\/uploads\/2016\/02\/P1000384.jpg\" alt=\"P1000384\" width=\"190\" height=\"142\" srcset=\"https:\/\/nordsjaelland.danmarksveteraner.dk\/wordpress\/wp-content\/uploads\/2016\/02\/P1000384.jpg 640w, https:\/\/nordsjaelland.danmarksveteraner.dk\/wordpress\/wp-content\/uploads\/2016\/02\/P1000384-300x225.jpg 300w\" sizes=\"auto, (max-width: 190px) 100vw, 190px\" \/><\/p>\n<\/div> <div class=\"ezcol ezcol-one-third ezcol-last\">\n<p><img loading=\"lazy\" decoding=\"async\" class=\"wp-image-135 alignright\" src=\"http:\/\/nordsjaelland.danmarksveteraner.dk\/wordpress\/wp-content\/uploads\/2016\/02\/DSC_0330.jpg\" alt=\"DSC_0330\" width=\"255\" height=\"169\" srcset=\"https:\/\/nordsjaelland.danmarksveteraner.dk\/wordpress\/wp-content\/uploads\/2016\/02\/DSC_0330.jpg 640w, https:\/\/nordsjaelland.danmarksveteraner.dk\/wordpress\/wp-content\/uploads\/2016\/02\/DSC_0330-300x199.jpg 300w\" sizes=\"auto, (max-width: 255px) 100vw, 255px\" \/><\/p>\n<\/div><div class=\"ezcol-divider\"><\/div><\/p>\n<div class=\"ezcol ezcol-one-half\">\n<p><img loading=\"lazy\" decoding=\"async\" class=\"wp-image-137 alignleft\" src=\"http:\/\/nordsjaelland.danmarksveteraner.dk\/wordpress\/wp-content\/uploads\/2016\/02\/DSC_0448.jpg\" alt=\"DSC_0448\" width=\"279\" height=\"185\" srcset=\"https:\/\/nordsjaelland.danmarksveteraner.dk\/wordpress\/wp-content\/uploads\/2016\/02\/DSC_0448.jpg 3216w, https:\/\/nordsjaelland.danmarksveteraner.dk\/wordpress\/wp-content\/uploads\/2016\/02\/DSC_0448-300x199.jpg 300w, https:\/\/nordsjaelland.danmarksveteraner.dk\/wordpress\/wp-content\/uploads\/2016\/02\/DSC_0448-768x510.jpg 768w, https:\/\/nordsjaelland.danmarksveteraner.dk\/wordpress\/wp-content\/uploads\/2016\/02\/DSC_0448-1024x680.jpg 1024w\" sizes=\"auto, (max-width: 279px) 100vw, 279px\" \/><\/p>\n<\/div> <div class=\"ezcol ezcol-one-half ezcol-last\">\n<p><img loading=\"lazy\" decoding=\"async\" class=\"wp-image-138 alignright\" src=\"http:\/\/nordsjaelland.danmarksveteraner.dk\/wordpress\/wp-content\/uploads\/2016\/02\/DSC_0488.jpg\" alt=\"DSC_0488\" width=\"280\" height=\"186\" srcset=\"https:\/\/nordsjaelland.danmarksveteraner.dk\/wordpress\/wp-content\/uploads\/2016\/02\/DSC_0488.jpg 3216w, https:\/\/nordsjaelland.danmarksveteraner.dk\/wordpress\/wp-content\/uploads\/2016\/02\/DSC_0488-300x199.jpg 300w, https:\/\/nordsjaelland.danmarksveteraner.dk\/wordpress\/wp-content\/uploads\/2016\/02\/DSC_0488-768x510.jpg 768w, https:\/\/nordsjaelland.danmarksveteraner.dk\/wordpress\/wp-content\/uploads\/2016\/02\/DSC_0488-1024x680.jpg 1024w\" sizes=\"auto, (max-width: 280px) 100vw, 280px\" \/><\/p>\n<\/div><div class=\"ezcol-divider\"><\/div><\/p>\n<p><img loading=\"lazy\" decoding=\"async\" class=\"aligncenter size-full wp-image-136\" src=\"http:\/\/nordsjaelland.danmarksveteraner.dk\/wordpress\/wp-content\/uploads\/2016\/02\/DSC_0383.jpg\" alt=\"DSC_0383\" width=\"1280\" height=\"850\" srcset=\"https:\/\/nordsjaelland.danmarksveteraner.dk\/wordpress\/wp-content\/uploads\/2016\/02\/DSC_0383.jpg 1280w, https:\/\/nordsjaelland.danmarksveteraner.dk\/wordpress\/wp-content\/uploads\/2016\/02\/DSC_0383-300x199.jpg 300w, https:\/\/nordsjaelland.danmarksveteraner.dk\/wordpress\/wp-content\/uploads\/2016\/02\/DSC_0383-768x510.jpg 768w, https:\/\/nordsjaelland.danmarksveteraner.dk\/wordpress\/wp-content\/uploads\/2016\/02\/DSC_0383-1024x680.jpg 1024w\" sizes=\"auto, (max-width: 1280px) 100vw, 1280px\" \/><\/p>\n","protected":false},"excerpt":{"rendered":"<p>Du kan se hvilke aktiviteter vi allerede har, p\u00e5 vores Aktivitetskalender og her kan du ogs\u00e5 tilmelde dig. Tryk p\u00e5<\/p>\n","protected":false},"author":1,"featured_media":0,"parent":16,"menu_order":1,"comment_status":"closed","ping_status":"closed","template":"","meta":{"colormag_page_container_layout":"default_layout","colormag_page_sidebar_layout":"default_layout","footnotes":""},"class_list":["post-93","page","type-page","status-publish","hentry"],"_links":{"self":[{"href":"https:\/\/nordsjaelland.danmarksveteraner.dk\/wordpress\/index.php?rest_route=\/wp\/v2\/pages\/93","targetHints":{"allow":["GET"]}}],"collection":[{"href":"https:\/\/nordsjaelland.danmarksveteraner.dk\/wordpress\/index.php?rest_route=\/wp\/v2\/pages"}],"about":[{"href":"https:\/\/nordsjaelland.danmarksveteraner.dk\/wordpress\/index.php?rest_route=\/wp\/v2\/types\/page"}],"author":[{"embeddable":true,"href":"https:\/\/nordsjaelland.danmarksveteraner.dk\/wordpress\/index.php?rest_route=\/wp\/v2\/users\/1"}],"replies":[{"embeddable":true,"href":"https:\/\/nordsjaelland.danmarksveteraner.dk\/wordpress\/index.php?rest_route=%2Fwp%2Fv2%2Fcomments&post=93"}],"version-history":[{"count":60,"href":"https:\/\/nordsjaelland.danmarksveteraner.dk\/wordpress\/index.php?rest_route=\/wp\/v2\/pages\/93\/revisions"}],"predecessor-version":[{"id":5694,"href":"https:\/\/nordsjaelland.danmarksveteraner.dk\/wordpress\/index.php?rest_route=\/wp\/v2\/pages\/93\/revisions\/5694"}],"up":[{"embeddable":true,"href":"https:\/\/nordsjaelland.danmarksveteraner.dk\/wordpress\/index.php?rest_route=\/wp\/v2\/pages\/16"}],"wp:attachment":[{"href":"https:\/\/nordsjaelland.danmarksveteraner.dk\/wordpress\/index.php?rest_route=%2Fwp%2Fv2%2Fmedia&parent=93"}],"curies":[{"name":"wp","href":"https:\/\/api.w.org\/{rel}","templated":true}]}}